{"id":490,"date":"2026-01-05T10:29:54","date_gmt":"2026-01-05T10:29:54","guid":{"rendered":"https:\/\/jobpazi.in\/adiem-ag\/?post_type=product&#038;p=490"},"modified":"2026-03-01T09:03:34","modified_gmt":"2026-03-01T09:03:34","slug":"schusseln-kabine","status":"publish","type":"product","link":"https:\/\/jobpazi.in\/adiem-ag\/index.php\/product\/schusseln-kabine\/","title":{"rendered":"Sch\u00fcsseln-Kabine"},"content":{"rendered":"<ul>\n<li>Handgefertigter dekorativer Bl\u00e4tterpflanztopf, der moderne, luxuri\u00f6se und zeitgen\u00f6ssische Interieurs aufwertet.<\/li>\n<li>Hergestellt aus hochwertigem Steinverbundmaterial f\u00fcr Langlebigkeit, Stabilit\u00e4t und lange Nutzungsdauer im Innenbereich.<\/li>\n<li>Verf\u00fcgt \u00fcber ein elegantes, skulpturales Blattdesign mit detaillierter, handgeschnitzter Textur und edler, matter Oberfl\u00e4che.<\/li>\n<li>Idealer Zimmerpflanztopf f\u00fcr Wohnzimmer, B\u00fcros, Hotels, Boutiquen und Designerr\u00e4ume.<\/li>\n<li>Kann als dekorativer Pflanzk\u00fcbel oder als Blickfangschale mit k\u00fcnstlichen Pflanzen oder Trockenblumenarrangements verwendet werden.<\/li>\n<li>Freistehender Designer-Pflanzk\u00fcbel, geeignet f\u00fcr Tische, Sockel, Regale oder Bodenst\u00e4nder.<\/li>\n<li>Jedes St\u00fcck ist handgefertigt, wodurch jeder Pflanzk\u00fcbel ein Unikat ist und leichte Abweichungen in Textur und Oberfl\u00e4chenbeschaffenheit aufweist.<\/li>\n<li>Pflegeleichter Pflanzk\u00fcbel f\u00fcr die Heimdekoration \u2013 einfach mit einem trockenen oder leicht feuchten Tuch abwischen.<\/li>\n<\/ul>\n","protected":false},"excerpt":{"rendered":"<p>Ein zeitgen\u00f6ssischer, skulpturaler Pflanzk\u00fcbel mit organisch strukturierter Oberfl\u00e4che, perfekt zur Versch\u00f6nerung moderner Innen- und Au\u00dfenbereiche, einschlie\u00dflich Wohnungen, B\u00fcros, Balkone und hochwertiger Gesch\u00e4ftsr\u00e4ume.<\/p>\n","protected":false},"featured_media":494,"comment_status":"open","ping_status":"closed","template":"","meta":[],"product_brand":[],"product_cat":[15,27],"product_tag":[],"class_list":{"0":"post-490","1":"product","2":"type-product","3":"status-publish","4":"has-post-thumbnail","6":"product_cat-uncategorized","7":"product_cat-test","9":"first","10":"instock","11":"sale","12":"shipping-taxable","13":"purchasable","14":"product-type-variable"},"jetpack_sharing_enabled":true,"_links":{"self":[{"href":"https:\/\/jobpazi.in\/adiem-ag\/index.php\/wp-json\/wp\/v2\/product\/490","targetHints":{"allow":["GET"]}}],"collection":[{"href":"https:\/\/jobpazi.in\/adiem-ag\/index.php\/wp-json\/wp\/v2\/product"}],"about":[{"href":"https:\/\/jobpazi.in\/adiem-ag\/index.php\/wp-json\/wp\/v2\/types\/product"}],"replies":[{"embeddable":true,"href":"https:\/\/jobpazi.in\/adiem-ag\/index.php\/wp-json\/wp\/v2\/comments?post=490"}],"wp:featuredmedia":[{"embeddable":true,"href":"https:\/\/jobpazi.in\/adiem-ag\/index.php\/wp-json\/wp\/v2\/media\/494"}],"wp:attachment":[{"href":"https:\/\/jobpazi.in\/adiem-ag\/index.php\/wp-json\/wp\/v2\/media?parent=490"}],"wp:term":[{"taxonomy":"product_brand","embeddable":true,"href":"https:\/\/jobpazi.in\/adiem-ag\/index.php\/wp-json\/wp\/v2\/product_brand?post=490"},{"taxonomy":"product_cat","embeddable":true,"href":"https:\/\/jobpazi.in\/adiem-ag\/index.php\/wp-json\/wp\/v2\/product_cat?post=490"},{"taxonomy":"product_tag","embeddable":true,"href":"https:\/\/jobpazi.in\/adiem-ag\/index.php\/wp-json\/wp\/v2\/product_tag?post=490"}],"curies":[{"name":"wp","href":"https:\/\/api.w.org\/{rel}","templated":true}]}}