{"id":1877,"date":"2026-03-19T11:03:59","date_gmt":"2026-03-19T11:03:59","guid":{"rendered":"https:\/\/jobpazi.in\/adiem-ag\/?post_type=product&#038;p=1877"},"modified":"2026-03-19T20:13:08","modified_gmt":"2026-03-19T20:13:08","slug":"planter-kabibe","status":"publish","type":"product","link":"https:\/\/jobpazi.in\/adiem-ag\/index.php\/product\/planter-kabibe\/","title":{"rendered":"PLANTER KABIBE"},"content":{"rendered":"<p>Luxuri\u00f6se Kabibe Muscheln f\u00fcr hochwertige Interi\u00f6re.<br \/>\nWeniger ist mehr? Nicht bei dieser Vase. Die pure, nat\u00fcrliche Kabibe Muschel Oberfl\u00e4che in creme weiss mit dezentem Perlmuttschimmer macht sie zum stillen Star auch in ihrem Raum.<\/p>\n","protected":false},"excerpt":{"rendered":"<p>Luxuri\u00f6se Kabibe Muscheln f\u00fcr hochwertige Interi\u00f6re. Weniger ist mehr? Nicht bei dieser Vase. Die pure, nat\u00fcrliche Kabibe Muschel Oberfl\u00e4che in creme weiss mit dezentem Perlmuttschimmer macht sie zum stillen Star auch in ihrem Raum.<\/p>\n","protected":false},"featured_media":1881,"comment_status":"open","ping_status":"closed","template":"","meta":[],"product_brand":[],"product_cat":[27],"product_tag":[],"class_list":{"0":"post-1877","1":"product","2":"type-product","3":"status-publish","4":"has-post-thumbnail","6":"product_cat-test","8":"first","9":"instock","10":"shipping-taxable","11":"purchasable","12":"product-type-variable"},"jetpack_sharing_enabled":true,"_links":{"self":[{"href":"https:\/\/jobpazi.in\/adiem-ag\/index.php\/wp-json\/wp\/v2\/product\/1877","targetHints":{"allow":["GET"]}}],"collection":[{"href":"https:\/\/jobpazi.in\/adiem-ag\/index.php\/wp-json\/wp\/v2\/product"}],"about":[{"href":"https:\/\/jobpazi.in\/adiem-ag\/index.php\/wp-json\/wp\/v2\/types\/product"}],"replies":[{"embeddable":true,"href":"https:\/\/jobpazi.in\/adiem-ag\/index.php\/wp-json\/wp\/v2\/comments?post=1877"}],"wp:featuredmedia":[{"embeddable":true,"href":"https:\/\/jobpazi.in\/adiem-ag\/index.php\/wp-json\/wp\/v2\/media\/1881"}],"wp:attachment":[{"href":"https:\/\/jobpazi.in\/adiem-ag\/index.php\/wp-json\/wp\/v2\/media?parent=1877"}],"wp:term":[{"taxonomy":"product_brand","embeddable":true,"href":"https:\/\/jobpazi.in\/adiem-ag\/index.php\/wp-json\/wp\/v2\/product_brand?post=1877"},{"taxonomy":"product_cat","embeddable":true,"href":"https:\/\/jobpazi.in\/adiem-ag\/index.php\/wp-json\/wp\/v2\/product_cat?post=1877"},{"taxonomy":"product_tag","embeddable":true,"href":"https:\/\/jobpazi.in\/adiem-ag\/index.php\/wp-json\/wp\/v2\/product_tag?post=1877"}],"curies":[{"name":"wp","href":"https:\/\/api.w.org\/{rel}","templated":true}]}}