{"id":266,"date":"2025-12-19T07:38:40","date_gmt":"2025-12-19T07:38:40","guid":{"rendered":"https:\/\/jobpazi.in\/adiem-ag\/?page_id=266"},"modified":"2026-02-04T07:16:42","modified_gmt":"2026-02-04T07:16:42","slug":"cookie-richtlinie","status":"publish","type":"page","link":"https:\/\/jobpazi.in\/adiem-ag\/index.php\/cookie-richtlinie\/","title":{"rendered":"Cookie-Richtlinie"},"content":{"rendered":"\t\t<div data-elementor-type=\"wp-page\" data-elementor-id=\"266\" class=\"elementor elementor-266\">\n\t\t\t\t<div class=\"elementor-element elementor-element-50595cd policy-banner e-flex e-con-boxed e-con e-parent\" data-id=\"50595cd\" data-element_type=\"container\" data-settings=\"{&quot;background_background&quot;:&quot;classic&quot;}\">\n\t\t\t\t\t<div class=\"e-con-inner\">\n\t\t<div class=\"elementor-element elementor-element-df93e5a e-con-full e-flex e-con e-child\" data-id=\"df93e5a\" data-element_type=\"container\" data-settings=\"{&quot;position&quot;:&quot;absolute&quot;}\">\n\t\t<div class=\"elementor-element elementor-element-12fa54f e-flex e-con-boxed e-con e-child\" data-id=\"12fa54f\" data-element_type=\"container\">\n\t\t\t\t\t<div class=\"e-con-inner\">\n\t\t\t\t<div class=\"elementor-element elementor-element-befbc52 elementor-widget elementor-widget-heading\" data-id=\"befbc52\" data-element_type=\"widget\" data-widget_type=\"heading.default\">\n\t\t\t\t\t<h2 class=\"elementor-heading-title elementor-size-default\">Cookie-Richtlinie<\/h2>\t\t\t\t<\/div>\n\t\t\t\t<div class=\"elementor-element elementor-element-ccc2c4c elementor-widget elementor-widget-heading\" data-id=\"ccc2c4c\" data-element_type=\"widget\" data-widget_type=\"heading.default\">\n\t\t\t\t\t<h4 class=\"elementor-heading-title elementor-size-default\">Erfahren Sie mehr \u00fcber Ihre R\u00fcckgabe- und Erstattungsrichtlinien<\/h4>\t\t\t\t<\/div>\n\t\t\t\t\t<\/div>\n\t\t\t\t<\/div>\n\t\t\t\t<\/div>\n\t\t\t\t\t<\/div>\n\t\t\t\t<\/div>\n\t\t<div class=\"elementor-element elementor-element-9d5dfc2 policy-pages e-flex e-con-boxed e-con e-parent\" data-id=\"9d5dfc2\" data-element_type=\"container\">\n\t\t\t\t\t<div class=\"e-con-inner\">\n\t\t\t\t<div class=\"elementor-element elementor-element-fd8727b text-container elementor-widget elementor-widget-text-editor\" data-id=\"fd8727b\" data-element_type=\"widget\" data-widget_type=\"text-editor.default\">\n\t\t\t\t\t\t\t\t\t<h3>Letzte Aktualisierung: Oktober 2025<\/h3><p>Diese Cookie-Richtlinie erkl\u00e4rt, wie Obeglutide Spray (\u201ewir\u201c, \u201eunser\u201c oder \u201euns\u201c) Cookies und \u00e4hnliche Technologien auf unserer Website obeglutidespray.com verwendet, um Ihr Surferlebnis zu verbessern, den Website-Traffic zu analysieren und Inhalte zu personalisieren.<\/p><p>\u00a0<\/p><h3>Was sind Cookies?<\/h3><p>Cookies sind kleine Textdateien, die beim Besuch einer Website auf Ihrem Ger\u00e4t (Computer, Tablet oder Smartphone) gespeichert werden. Sie helfen der Website, Ihre Pr\u00e4ferenzen zu speichern und die Funktionalit\u00e4t zu verbessern.<\/p><p>\u00a0<\/p><h3>Arten von Cookies, die wir verwenden<\/h3><h4>1. Unverzichtbare Cookies<\/h4><p>Diese Cookies sind erforderlich, damit die Website ordnungsgem\u00e4\u00df funktioniert.\u2028<\/p><p>Beispiel: Speichern der Artikel in Ihrem Warenkorb oder sichere Anmeldesitzungen.<\/p><h4>2. Leistungs- und Analyse-Cookies<\/h4><p>Diese Cookies sammeln Informationen dar\u00fcber, wie Besucher unsere Website nutzen \u2013 zum Beispiel, welche Seiten am h\u00e4ufigsten besucht werden.\u2028 Wir nutzen diese Daten, um die Website-Geschwindigkeit, das Layout und das gesamte Benutzererlebnis zu verbessern.<\/p><h4>3. Funktionale Cookies<\/h4><p>Mithilfe dieser Cookies k\u00f6nnen wir Ihre Pr\u00e4ferenzen (wie Sprache oder Region) speichern, um Ihnen ein personalisiertes Erlebnis zu bieten.<\/p><h4>4. Werbe- und Marketing-Cookies<\/h4><p>Diese Cookies helfen uns, Ihnen relevante Anzeigen anzuzeigen und die Kampagnenleistung \u00fcber vertrauensw\u00fcrdige Drittanbieter (wie Google Ads oder Meta-Marketing-Cookies) zu verfolgen.<\/p><p>\u00a0<\/p><h3>Verwalten von Cookie-Einstellungen<\/h3><p>Sie k\u00f6nnen Cookies auf verschiedene Weise kontrollieren und verwalten:<\/p><ul><li>Browsereinstellungen: Die meisten Browser erm\u00f6glichen es Ihnen, Cookies \u00fcber ihr Einstellungsmen\u00fc zu blockieren oder zu l\u00f6schen.<\/li><li>Cookie-Einwilligungsbanner: Wenn Sie unsere Website besuchen, sehen Sie ein Banner, mit dem Sie nicht unbedingt notwendige Cookies akzeptieren oder ablehnen k\u00f6nnen.<\/li><li>Opt-out-Tools: Sie k\u00f6nnen die Verwendung von Werbe-Cookies von Drittanbietern mithilfe von Tools wie Your Online Choices deaktivieren.<\/li><\/ul><p>\u00a0<\/p><h3>Cookies von Drittanbietern<\/h3><p>Einige Cookies werden m\u00f6glicherweise von Drittanbietern gesetzt, deren Dienste wir nutzen (z. B. Analysedienste, Zahlungsportale oder Social-Media-Plugins). Wir haben keine Kontrolle \u00fcber diese Cookies und empfehlen Ihnen, deren jeweilige Datenschutzrichtlinien zu lesen.<\/p><p>\u00a0<\/p><h3>Aktualisierungen dieser Richtlinie<\/h3><p>Wir k\u00f6nnen diese Cookie-Richtlinie regelm\u00e4\u00dfig aktualisieren, um \u00c4nderungen unserer Vorgehensweisen oder andere betriebliche, rechtliche oder regulatorische Gr\u00fcnde zu ber\u00fccksichtigen. Aktualisierungen werden mit dem jeweiligen Datum auf dieser Seite ver\u00f6ffentlicht.<\/p><p>\u00a0<\/p>\t\t\t\t\t\t\t\t<\/div>\n\t\t\t\t\t<\/div>\n\t\t\t\t<\/div>\n\t\t\t\t<\/div>\n\t\t","protected":false},"excerpt":{"rendered":"<p>Cookie-Richtlinie Erfahren Sie mehr \u00fcber Ihre R\u00fcckgabe- und Erstattungsrichtlinien Letzte Aktualisierung: Oktober 2025 Diese Cookie-Richtlinie erkl\u00e4rt, wie Obeglutide Spray (\u201ewir\u201c, \u201eunser\u201c oder \u201euns\u201c) Cookies und \u00e4hnliche Technologien auf unserer Website obeglutidespray.com verwendet, um Ihr Surferlebnis zu verbessern, den Website-Traffic zu analysieren und Inhalte zu personalisieren. \u00a0 Was sind Cookies? Cookies sind kleine Textdateien, die beim [&hellip;]<\/p>\n","protected":false},"author":1,"featured_media":0,"parent":0,"menu_order":0,"comment_status":"closed","ping_status":"closed","template":"","meta":{"footnotes":""},"class_list":["post-266","page","type-page","status-publish","hentry"],"jetpack_sharing_enabled":true,"_links":{"self":[{"href":"https:\/\/jobpazi.in\/adiem-ag\/index.php\/wp-json\/wp\/v2\/pages\/266","targetHints":{"allow":["GET"]}}],"collection":[{"href":"https:\/\/jobpazi.in\/adiem-ag\/index.php\/wp-json\/wp\/v2\/pages"}],"about":[{"href":"https:\/\/jobpazi.in\/adiem-ag\/index.php\/wp-json\/wp\/v2\/types\/page"}],"author":[{"embeddable":true,"href":"https:\/\/jobpazi.in\/adiem-ag\/index.php\/wp-json\/wp\/v2\/users\/1"}],"replies":[{"embeddable":true,"href":"https:\/\/jobpazi.in\/adiem-ag\/index.php\/wp-json\/wp\/v2\/comments?post=266"}],"version-history":[{"count":73,"href":"https:\/\/jobpazi.in\/adiem-ag\/index.php\/wp-json\/wp\/v2\/pages\/266\/revisions"}],"predecessor-version":[{"id":1608,"href":"https:\/\/jobpazi.in\/adiem-ag\/index.php\/wp-json\/wp\/v2\/pages\/266\/revisions\/1608"}],"wp:attachment":[{"href":"https:\/\/jobpazi.in\/adiem-ag\/index.php\/wp-json\/wp\/v2\/media?parent=266"}],"curies":[{"name":"wp","href":"https:\/\/api.w.org\/{rel}","templated":true}]}}